{"id":1531,"date":"2024-04-26T09:55:51","date_gmt":"2024-04-26T09:55:51","guid":{"rendered":"https:\/\/www.lyslegal.com\/le-cabinet\/"},"modified":"2025-09-26T08:52:42","modified_gmt":"2025-09-26T08:52:42","slug":"le-cabinet","status":"publish","type":"page","link":"https:\/\/www.lyslegal.com\/fr\/le-cabinet\/","title":{"rendered":"Le cabinet"},"content":{"rendered":"\t\t<div data-elementor-type=\"wp-page\" data-elementor-id=\"1531\" class=\"elementor elementor-1531 elementor-383\" data-elementor-post-type=\"page\">\n\t\t\t\t<div class=\"elementor-element elementor-element-be6d87a animated-slow e-flex e-con-boxed elementor-invisible e-con e-parent\" data-id=\"be6d87a\" data-element_type=\"container\" data-e-type=\"container\" data-settings=\"{&quot;animation&quot;:&quot;fadeIn&quot;}\">\n\t\t\t\t\t<div class=\"e-con-inner\">\n\t\t<div class=\"elementor-element elementor-element-e14643b e-con-full e-flex e-con e-child\" data-id=\"e14643b\" data-element_type=\"container\" data-e-type=\"container\">\n\t\t\t\t<div class=\"elementor-element elementor-element-67d2ad2 elementor-widget elementor-widget-image-box\" data-id=\"67d2ad2\" data-element_type=\"widget\" data-e-type=\"widget\" data-widget_type=\"image-box.default\">\n\t\t\t\t<div class=\"elementor-widget-container\">\n\t\t\t\t\t<div class=\"elementor-image-box-wrapper\"><div class=\"elementor-image-box-content\"><h2 class=\"elementor-image-box-title\">Notre bureau<\/h2><p class=\"elementor-image-box-description\">LYS Legal sert une client\u00e8le essentiellement internationale, avec un accent particulier sur les entreprises op\u00e9rant en France. Notre expertise couvre le droit international des affaires, le droit commercial, le droit des soci\u00e9t\u00e9s et le droit du travail. Avec nos racines en France, nous avons une exp\u00e9rience substantielle dans le conseil aux entreprises internationales actives sur le march\u00e9 fran\u00e7ais.\n\nNos services complets comprennent le conseil juridique, la n\u00e9gociation, la r\u00e9daction de contrats, la r\u00e9solution de conflits et la repr\u00e9sentation des clients devant les tribunaux fran\u00e7ais. En outre, nous nous appuyons sur un r\u00e9seau mondial de sp\u00e9cialistes et de contacts pour fournir une assistance compl\u00e8te.\n\nLYS Legal a \u00e9t\u00e9 fond\u00e9 par George Apostol du Barreau de Paris, chacun ayant une exp\u00e9rience pr\u00e9alable dans un grand cabinet d'avocats international avec des bureaux \u00e0 Amsterdam, Bruxelles et Paris.<\/p><\/div><\/div>\t\t\t\t<\/div>\n\t\t\t\t<\/div>\n\t\t\t\t<\/div>\n\t\t\t\t\t<\/div>\n\t\t\t\t<\/div>\n\t\t<div class=\"elementor-element elementor-element-d80abfc animated-slow e-flex e-con-boxed elementor-invisible e-con e-parent\" data-id=\"d80abfc\" data-element_type=\"container\" data-e-type=\"container\" data-settings=\"{&quot;animation&quot;:&quot;fadeIn&quot;}\">\n\t\t\t\t\t<div class=\"e-con-inner\">\n\t\t<div class=\"elementor-element elementor-element-6bf78a2 e-con-full e-flex e-con e-child\" data-id=\"6bf78a2\" data-element_type=\"container\" data-e-type=\"container\">\n\t\t<div class=\"elementor-element elementor-element-96c4837 e-con-full e-flex e-con e-child\" data-id=\"96c4837\" data-element_type=\"container\" data-e-type=\"container\">\n\t\t\t\t<div class=\"elementor-element elementor-element-8bf4bf2 elementor-widget elementor-widget-heading\" data-id=\"8bf4bf2\" data-element_type=\"widget\" data-e-type=\"widget\" data-widget_type=\"heading.default\">\n\t\t\t\t<div class=\"elementor-widget-container\">\n\t\t\t\t\t<h3 class=\"elementor-heading-title elementor-size-default\">C.S. George APOSTOL<\/h3>\t\t\t\t<\/div>\n\t\t\t\t<\/div>\n\t\t\t\t<div class=\"elementor-element elementor-element-e999b22 elementor-widget__width-initial elementor-widget elementor-widget-text-editor\" data-id=\"e999b22\" data-element_type=\"widget\" data-e-type=\"widget\" data-widget_type=\"text-editor.default\">\n\t\t\t\t<div class=\"elementor-widget-container\">\n\t\t\t\t\t\t\t\t\t<p>Avocat au Barreau de Paris depuis 2014, a travaill\u00e9 \u00e0 Paris et \u00e0 Bruxelles pour des clients internationaux et nationaux, notamment dans le domaine du droit des affaires, des assurances et du droit international.<\/p>\n<p><strong>George APOSTOL<\/strong> est dipl\u00f4m\u00e9 de la facult\u00e9 de droit de la Sorbonne (Universit\u00e9 Paris I Panth\u00e9on-Sorbonne), avec deux masters : Droit priv\u00e9 g\u00e9n\u00e9ral et Droit international priv\u00e9 et commercial.<\/p>\n<p>Il parle anglais, fran\u00e7ais, roumain et n\u00e9erlandais.<\/p>\n\t\t\t\t\t\t\t\t<\/div>\n\t\t\t\t<\/div>\n\t\t\t\t<\/div>\n\t\t\t\t<\/div>\n\t\t\t\t\t<\/div>\n\t\t\t\t<\/div>\n\t\t\t\t<\/div>\n\t\t","protected":false},"excerpt":{"rendered":"<p>Notre bureau LYS Legal sert une client\u00e8le essentiellement internationale, avec un accent particulier sur les entreprises op\u00e9rant en France. Notre expertise couvre le droit international des affaires, le droit commercial, le droit des soci\u00e9t\u00e9s et le droit du travail. Avec nos racines en France, nous avons une exp\u00e9rience substantielle dans le conseil aux entreprises internationales [&hellip;]<\/p>\n","protected":false},"author":3,"featured_media":1495,"parent":0,"menu_order":0,"comment_status":"closed","ping_status":"closed","template":"","meta":{"footnotes":""},"class_list":["post-1531","page","type-page","status-publish","has-post-thumbnail","hentry"],"yoast_head":"<!-- This site is optimized with the Yoast SEO plugin v27.4 - https:\/\/yoast.com\/product\/yoast-seo-wordpress\/ -->\n<title>LYS LegalLe cabinet | LYS Legal<\/title>\n<meta name=\"robots\" content=\"index, follow, max-snippet:-1, max-image-preview:large, max-video-preview:-1\" \/>\n<link rel=\"canonical\" href=\"https:\/\/www.lyslegal.com\/fr\/le-cabinet\/\" \/>\n<meta property=\"og:locale\" content=\"fr_FR\" \/>\n<meta property=\"og:type\" content=\"article\" \/>\n<meta property=\"og:title\" content=\"LYS LegalLe cabinet | LYS Legal\" \/>\n<meta property=\"og:description\" content=\"Notre bureau LYS Legal sert une client\u00e8le essentiellement internationale, avec un accent particulier sur les entreprises op\u00e9rant en France. Notre expertise couvre le droit international des affaires, le droit commercial, le droit des soci\u00e9t\u00e9s et le droit du travail. Avec nos racines en France, nous avons une exp\u00e9rience substantielle dans le conseil aux entreprises internationales [&hellip;]\" \/>\n<meta property=\"og:url\" content=\"https:\/\/www.lyslegal.com\/fr\/le-cabinet\/\" \/>\n<meta property=\"og:site_name\" content=\"LYS\" \/>\n<meta property=\"article:modified_time\" content=\"2025-09-26T08:52:42+00:00\" \/>\n<meta property=\"og:image\" content=\"https:\/\/www.lyslegal.com\/wp-content\/uploads\/2024\/04\/iStock-187678619-1-1.png\" \/>\n\t<meta property=\"og:image:width\" content=\"1280\" \/>\n\t<meta property=\"og:image:height\" content=\"227\" \/>\n\t<meta property=\"og:image:type\" content=\"image\/png\" \/>\n<meta name=\"twitter:card\" content=\"summary_large_image\" \/>\n<meta name=\"twitter:label1\" content=\"Dur\u00e9e de lecture estim\u00e9e\" \/>\n\t<meta name=\"twitter:data1\" content=\"2 minutes\" \/>\n<script type=\"application\/ld+json\" class=\"yoast-schema-graph\">{\"@context\":\"https:\\\/\\\/schema.org\",\"@graph\":[{\"@type\":\"WebPage\",\"@id\":\"https:\\\/\\\/www.lyslegal.com\\\/fr\\\/le-cabinet\\\/\",\"url\":\"https:\\\/\\\/www.lyslegal.com\\\/fr\\\/le-cabinet\\\/\",\"name\":\"LYS LegalLe cabinet | LYS Legal\",\"isPartOf\":{\"@id\":\"https:\\\/\\\/www.lyslegal.com\\\/fr\\\/#website\"},\"primaryImageOfPage\":{\"@id\":\"https:\\\/\\\/www.lyslegal.com\\\/fr\\\/le-cabinet\\\/#primaryimage\"},\"image\":{\"@id\":\"https:\\\/\\\/www.lyslegal.com\\\/fr\\\/le-cabinet\\\/#primaryimage\"},\"thumbnailUrl\":\"https:\\\/\\\/www.lyslegal.com\\\/wp-content\\\/uploads\\\/2024\\\/04\\\/iStock-187678619-1-1.png\",\"datePublished\":\"2024-04-26T09:55:51+00:00\",\"dateModified\":\"2025-09-26T08:52:42+00:00\",\"breadcrumb\":{\"@id\":\"https:\\\/\\\/www.lyslegal.com\\\/fr\\\/le-cabinet\\\/#breadcrumb\"},\"inLanguage\":\"fr-FR\",\"potentialAction\":[{\"@type\":\"ReadAction\",\"target\":[\"https:\\\/\\\/www.lyslegal.com\\\/fr\\\/le-cabinet\\\/\"]}]},{\"@type\":\"ImageObject\",\"inLanguage\":\"fr-FR\",\"@id\":\"https:\\\/\\\/www.lyslegal.com\\\/fr\\\/le-cabinet\\\/#primaryimage\",\"url\":\"https:\\\/\\\/www.lyslegal.com\\\/wp-content\\\/uploads\\\/2024\\\/04\\\/iStock-187678619-1-1.png\",\"contentUrl\":\"https:\\\/\\\/www.lyslegal.com\\\/wp-content\\\/uploads\\\/2024\\\/04\\\/iStock-187678619-1-1.png\",\"width\":1280,\"height\":227},{\"@type\":\"BreadcrumbList\",\"@id\":\"https:\\\/\\\/www.lyslegal.com\\\/fr\\\/le-cabinet\\\/#breadcrumb\",\"itemListElement\":[{\"@type\":\"ListItem\",\"position\":1,\"name\":\"Home\",\"item\":\"https:\\\/\\\/www.lyslegal.com\\\/fr\\\/\"},{\"@type\":\"ListItem\",\"position\":2,\"name\":\"Le cabinet\"}]},{\"@type\":\"WebSite\",\"@id\":\"https:\\\/\\\/www.lyslegal.com\\\/fr\\\/#website\",\"url\":\"https:\\\/\\\/www.lyslegal.com\\\/fr\\\/\",\"name\":\"LYS\",\"description\":\"\",\"potentialAction\":[{\"@type\":\"SearchAction\",\"target\":{\"@type\":\"EntryPoint\",\"urlTemplate\":\"https:\\\/\\\/www.lyslegal.com\\\/fr\\\/?s={search_term_string}\"},\"query-input\":{\"@type\":\"PropertyValueSpecification\",\"valueRequired\":true,\"valueName\":\"search_term_string\"}}],\"inLanguage\":\"fr-FR\"}]}<\/script>\n<!-- \/ Yoast SEO plugin. -->","yoast_head_json":{"title":"LYS LegalLe cabinet | LYS Legal","robots":{"index":"index","follow":"follow","max-snippet":"max-snippet:-1","max-image-preview":"max-image-preview:large","max-video-preview":"max-video-preview:-1"},"canonical":"https:\/\/www.lyslegal.com\/fr\/le-cabinet\/","og_locale":"fr_FR","og_type":"article","og_title":"LYS LegalLe cabinet | LYS Legal","og_description":"Notre bureau LYS Legal sert une client\u00e8le essentiellement internationale, avec un accent particulier sur les entreprises op\u00e9rant en France. Notre expertise couvre le droit international des affaires, le droit commercial, le droit des soci\u00e9t\u00e9s et le droit du travail. Avec nos racines en France, nous avons une exp\u00e9rience substantielle dans le conseil aux entreprises internationales [&hellip;]","og_url":"https:\/\/www.lyslegal.com\/fr\/le-cabinet\/","og_site_name":"LYS","article_modified_time":"2025-09-26T08:52:42+00:00","og_image":[{"width":1280,"height":227,"url":"https:\/\/www.lyslegal.com\/wp-content\/uploads\/2024\/04\/iStock-187678619-1-1.png","type":"image\/png"}],"twitter_card":"summary_large_image","twitter_misc":{"Dur\u00e9e de lecture estim\u00e9e":"2 minutes"},"schema":{"@context":"https:\/\/schema.org","@graph":[{"@type":"WebPage","@id":"https:\/\/www.lyslegal.com\/fr\/le-cabinet\/","url":"https:\/\/www.lyslegal.com\/fr\/le-cabinet\/","name":"LYS LegalLe cabinet | LYS Legal","isPartOf":{"@id":"https:\/\/www.lyslegal.com\/fr\/#website"},"primaryImageOfPage":{"@id":"https:\/\/www.lyslegal.com\/fr\/le-cabinet\/#primaryimage"},"image":{"@id":"https:\/\/www.lyslegal.com\/fr\/le-cabinet\/#primaryimage"},"thumbnailUrl":"https:\/\/www.lyslegal.com\/wp-content\/uploads\/2024\/04\/iStock-187678619-1-1.png","datePublished":"2024-04-26T09:55:51+00:00","dateModified":"2025-09-26T08:52:42+00:00","breadcrumb":{"@id":"https:\/\/www.lyslegal.com\/fr\/le-cabinet\/#breadcrumb"},"inLanguage":"fr-FR","potentialAction":[{"@type":"ReadAction","target":["https:\/\/www.lyslegal.com\/fr\/le-cabinet\/"]}]},{"@type":"ImageObject","inLanguage":"fr-FR","@id":"https:\/\/www.lyslegal.com\/fr\/le-cabinet\/#primaryimage","url":"https:\/\/www.lyslegal.com\/wp-content\/uploads\/2024\/04\/iStock-187678619-1-1.png","contentUrl":"https:\/\/www.lyslegal.com\/wp-content\/uploads\/2024\/04\/iStock-187678619-1-1.png","width":1280,"height":227},{"@type":"BreadcrumbList","@id":"https:\/\/www.lyslegal.com\/fr\/le-cabinet\/#breadcrumb","itemListElement":[{"@type":"ListItem","position":1,"name":"Home","item":"https:\/\/www.lyslegal.com\/fr\/"},{"@type":"ListItem","position":2,"name":"Le cabinet"}]},{"@type":"WebSite","@id":"https:\/\/www.lyslegal.com\/fr\/#website","url":"https:\/\/www.lyslegal.com\/fr\/","name":"LYS","description":"","potentialAction":[{"@type":"SearchAction","target":{"@type":"EntryPoint","urlTemplate":"https:\/\/www.lyslegal.com\/fr\/?s={search_term_string}"},"query-input":{"@type":"PropertyValueSpecification","valueRequired":true,"valueName":"search_term_string"}}],"inLanguage":"fr-FR"}]}},"_links":{"self":[{"href":"https:\/\/www.lyslegal.com\/fr\/wp-json\/wp\/v2\/pages\/1531","targetHints":{"allow":["GET"]}}],"collection":[{"href":"https:\/\/www.lyslegal.com\/fr\/wp-json\/wp\/v2\/pages"}],"about":[{"href":"https:\/\/www.lyslegal.com\/fr\/wp-json\/wp\/v2\/types\/page"}],"author":[{"embeddable":true,"href":"https:\/\/www.lyslegal.com\/fr\/wp-json\/wp\/v2\/users\/3"}],"replies":[{"embeddable":true,"href":"https:\/\/www.lyslegal.com\/fr\/wp-json\/wp\/v2\/comments?post=1531"}],"version-history":[{"count":4,"href":"https:\/\/www.lyslegal.com\/fr\/wp-json\/wp\/v2\/pages\/1531\/revisions"}],"predecessor-version":[{"id":2997,"href":"https:\/\/www.lyslegal.com\/fr\/wp-json\/wp\/v2\/pages\/1531\/revisions\/2997"}],"wp:featuredmedia":[{"embeddable":true,"href":"https:\/\/www.lyslegal.com\/fr\/wp-json\/wp\/v2\/media\/1495"}],"wp:attachment":[{"href":"https:\/\/www.lyslegal.com\/fr\/wp-json\/wp\/v2\/media?parent=1531"}],"curies":[{"name":"wp","href":"https:\/\/api.w.org\/{rel}","templated":true}]}}