{"id":1553,"date":"2024-05-06T20:03:05","date_gmt":"2024-05-06T20:03:05","guid":{"rendered":"https:\/\/www.lyslegal.com\/sitemap\/"},"modified":"2025-07-17T10:08:28","modified_gmt":"2025-07-17T10:08:28","slug":"sitemap","status":"publish","type":"page","link":"https:\/\/www.lyslegal.com\/fr\/sitemap\/","title":{"rendered":"Plan du site"},"content":{"rendered":"<div id=\"simple-sitemap-container-69f9eaa14624a\" class=\"simple-sitemap-container simple-sitemap-container-69f9eaa14624a tab-disabled\"><div class=\"simple-sitemap-wrap\"><h3 class=\"post-type\">Articles<\/h3><ul class=\"simple-sitemap-post main\"><li class=\"sitemap-item\"><a href=\"https:\/\/www.lyslegal.com\/fr\/blog\/5-aspects-cles-des-contrats-fournisseurs-en-france\/\">5 aspects cl\u00e9s des contrats fournisseurs en France<\/a><\/li><li class=\"sitemap-item\"><a href=\"https:\/\/www.lyslegal.com\/fr\/blog\/accords-de-distribution-en-france-comment-conclure-un-contrat-etanche\/\">Accords de distribution en France, comment conclure un contrat \u00e9tanche ?<\/a><\/li><li class=\"sitemap-item\"><a href=\"https:\/\/www.lyslegal.com\/fr\/blog\/aspects-importants-des-contrats-commerciaux-internationaux-en-france\/\">Aspects importants des contrats commerciaux internationaux en France.<\/a><\/li><li class=\"sitemap-item\"><a href=\"https:\/\/www.lyslegal.com\/fr\/blog\/les-avantages-de-la-creation-dune-entreprise-en-france-une-perspective-juridique\/\">Avantages de la cr\u00e9ation d&rsquo;une entreprise en France<\/a><\/li><li class=\"sitemap-item\"><a href=\"https:\/\/www.lyslegal.com\/fr\/blog\/collaborer-avec-des-influenceurs-en-france-comment-rediger-un-contrat-etanche\/\">Collaborer avec des influenceurs en France, comment r\u00e9diger un contrat \u00e9tanche ?<\/a><\/li><li class=\"sitemap-item\"><a href=\"https:\/\/www.lyslegal.com\/fr\/blog\/comment-creer-une-entreprise-en-france-un-guide-pas-a-pas\/\">Comment cr\u00e9er une entreprise en France : Un guide pas \u00e0 pas<\/a><\/li><li class=\"sitemap-item\"><a href=\"https:\/\/www.lyslegal.com\/fr\/blog\/comment-deposer-une-demande-douverture-de-procedure-de-faillite-en-france\/\">Comment d\u00e9poser une demande d&rsquo;ouverture de proc\u00e9dure de faillite en France ?<\/a><\/li><li class=\"sitemap-item\"><a href=\"https:\/\/www.lyslegal.com\/fr\/blog\/comment-limiter-les-risques-en-tant-quentreprise-en-france\/\">Comment limiter les risques en tant qu&rsquo;entreprise en France ?<\/a><\/li><li class=\"sitemap-item\"><a href=\"https:\/\/www.lyslegal.com\/fr\/blog\/comment-liquider-une-entreprise-en-france\/\">Comment liquider une entreprise en France ?<\/a><\/li><li class=\"sitemap-item\"><a href=\"https:\/\/www.lyslegal.com\/fr\/blog\/fr-cour-de-cassation-chambre-criminelle-28-fevrier-2024-affaire-n-22-86-392-publiee-au-journal-officiel\/\">Confiscation de biens prot\u00e9g\u00e9s par une r\u00e9serve de propri\u00e9t\u00e9<\/a><\/li><li class=\"sitemap-item\"><a href=\"https:\/\/www.lyslegal.com\/fr\/blog\/conformite-en-france-comment-sassurer-que-votre-entreprise-est-en-conformite-avec-la-loi\/\">Conformit\u00e9 en France &#8211; Comment s&rsquo;assurer que votre entreprise est en conformit\u00e9 avec la loi ?<\/a><\/li><li class=\"sitemap-item\"><a href=\"https:\/\/www.lyslegal.com\/fr\/blog\/considerations-juridiques-lors-de-lentree-sur-le-marche-francais\/\">Consid\u00e9rations juridiques lors de l&rsquo;entr\u00e9e sur le march\u00e9 fran\u00e7ais<\/a><\/li><li class=\"sitemap-item\"><a href=\"https:\/\/www.lyslegal.com\/fr\/blog\/contrats-daffaires-en-france-aspects-cles-des-contrats-juridiques-francais\/\">Contrats d&rsquo;affaires en France : Aspects cl\u00e9s des contrats juridiques fran\u00e7ais<\/a><\/li><li class=\"sitemap-item\"><a href=\"https:\/\/www.lyslegal.com\/fr\/blog\/contrats-transfrontaliers-en-france\/\">Contrats transfrontaliers en France<\/a><\/li><li class=\"sitemap-item\"><a href=\"https:\/\/www.lyslegal.com\/fr\/blog\/droit-immobilier-en-france-ce-quil-faut-savoir-sur-limmobilier-dentreprise\/\">Droit immobilier en France &#8211; Ce qu&rsquo;il faut savoir sur l&rsquo;immobilier d&rsquo;entreprise<\/a><\/li><li class=\"sitemap-item\"><a href=\"https:\/\/www.lyslegal.com\/fr\/blog\/est-il-difficile-de-creer-une-entreprise-en-france-dun-point-de-vue-juridique\/\">Est-il difficile de cr\u00e9er une entreprise en France d&rsquo;un point de vue juridique ?<\/a><\/li><li class=\"sitemap-item\"><a href=\"https:\/\/www.lyslegal.com\/fr\/blog\/expanding-your-business-to-france\/\">Expanding your business to France<\/a><\/li><li class=\"sitemap-item\"><a href=\"https:\/\/www.lyslegal.com\/fr\/blog\/fr-cour-de-cassation-chambre-commerciale-29-novembre-2023-affaire-n-22-12-865-publiee-au-journal-officiel\/\">Fr. Cour de cassation, chambre commerciale, 29 novembre 2023, affaire n\u00b0 22-12.865, publi\u00e9e au Journal officiel.<\/a><\/li><li class=\"sitemap-item\"><a href=\"https:\/\/www.lyslegal.com\/fr\/blog\/fusions-et-acquisitions-en-france-points-dinteret-juridiques-pour-les-entrepreneurs\/\">Fusions et acquisitions en France &#8211; points d&rsquo;int\u00e9r\u00eat juridiques pour les entrepreneurs<\/a><\/li><li class=\"sitemap-item\"><a href=\"https:\/\/www.lyslegal.com\/fr\/blog\/gestion-des-contrats-pour-les-entreprises-en-france-comment-eviter-les-risques-juridiques\/\">Gestion des contrats pour les entreprises en France : Comment \u00e9viter les risques juridiques ?<\/a><\/li><li class=\"sitemap-item\"><a href=\"https:\/\/www.lyslegal.com\/fr\/blog\/la-force-majeure-en-droit-francais-limpact-sur-vos-contrats-daffaires\/\">La force majeure en droit fran\u00e7ais : L&rsquo;impact sur vos contrats d&rsquo;affaires<\/a><\/li><li class=\"sitemap-item\"><a href=\"https:\/\/www.lyslegal.com\/fr\/blog\/la-propriete-intellectuelle-en-france-comment-proteger-votre-marque-ou-votre-brevet\/\">La propri\u00e9t\u00e9 intellectuelle en France : Comment prot\u00e9ger votre marque ou votre brevet ?<\/a><\/li><li class=\"sitemap-item\"><a href=\"https:\/\/www.lyslegal.com\/fr\/blog\/labor-law-in-france-what-do-you-need-to-know-as-an-employer\/\">Labor law in France, what do you need to know as an employer.<\/a><\/li><li class=\"sitemap-item\"><a href=\"https:\/\/www.lyslegal.com\/fr\/blog\/les-avantages-dun-avocat-specialise-en-contentieux-pour-les-influenceurs-en-france\/\">Les avantages d&rsquo;un avocat sp\u00e9cialis\u00e9 en contentieux pour les influenceurs en France<\/a><\/li><li class=\"sitemap-item\"><a href=\"https:\/\/www.lyslegal.com\/fr\/blog\/les-defis-de-lentreprise-en-france\/\">Les d\u00e9fis de l&rsquo;activit\u00e9 \u00e9conomique en France<\/a><\/li><li class=\"sitemap-item\"><a href=\"https:\/\/www.lyslegal.com\/fr\/blog\/les-litiges-avec-les-partenaires-commerciaux-en-france-comment-les-prevenir-et-les-resoudre\/\">Les litiges avec les partenaires commerciaux en France, comment les pr\u00e9venir et les r\u00e9soudre ?<\/a><\/li><li class=\"sitemap-item\"><a href=\"https:\/\/www.lyslegal.com\/fr\/blog\/les-litiges-commerciaux-en-france-comment-les-resoudre\/\">Les litiges commerciaux en France : Comment les r\u00e9soudre ?<\/a><\/li><li class=\"sitemap-item\"><a href=\"https:\/\/www.lyslegal.com\/fr\/blog\/fr-cour-de-cassation-troisieme-chambre-civile-25-janv-2024-affaire-n-22-16-583-non-publiee-au-journal-officiel\/\">Mise en demeure et r\u00e9siliation du contrat.<\/a><\/li><li class=\"sitemap-item\"><a href=\"https:\/\/www.lyslegal.com\/fr\/blog\/partenariats-et-coentreprises-en-france\/\">Partenariats et coentreprises en France<\/a><\/li><li class=\"sitemap-item\"><a href=\"https:\/\/www.lyslegal.com\/fr\/blog\/quest-ce-quune-annonce-legale-en-france\/\">Qu&rsquo;est-ce qu&rsquo;une \u00ab\u00a0annonce l\u00e9gale\u00a0\u00bb en France ?<\/a><\/li><li class=\"sitemap-item\"><a href=\"https:\/\/www.lyslegal.com\/fr\/blog\/quelle-est-la-procedure-de-dissolution-dune-societe-francaise\/\">Quelle est la proc\u00e9dure de dissolution d&rsquo;une soci\u00e9t\u00e9 fran\u00e7aise ?<\/a><\/li><li class=\"sitemap-item\"><a href=\"https:\/\/www.lyslegal.com\/fr\/blog\/recouvrement-de-creances-en-france-que-faire-en-cas-de-factures-impayees\/\">Recouvrement de cr\u00e9ances en France &#8211; Que faire en cas de factures impay\u00e9es ?<\/a><\/li><li class=\"sitemap-item\"><a href=\"https:\/\/www.lyslegal.com\/fr\/blog\/rediger-des-contrats-en-france\/\">R\u00e9diger des contrats en France<\/a><\/li><li class=\"sitemap-item\"><a href=\"https:\/\/www.lyslegal.com\/fr\/blog\/sarl-vs-sas\/\">SARL vs. SAS &#8211; Choisir la bonne structure d&rsquo;entreprise en France<\/a><\/li><\/ul><\/div><div class=\"simple-sitemap-wrap\"><h3 class=\"post-type\">Pages<\/h3><ul class=\"simple-sitemap-page main\"><li class=\"sitemap-item page_item page-item-1550\"><a href=\"https:\/\/www.lyslegal.com\/fr\/accords-de-distribution-et-de-franchise\/\">Accords de distribution et de franchise<\/a><\/li>\n<li class=\"sitemap-item page_item page-item-1533\"><a href=\"https:\/\/www.lyslegal.com\/fr\/actualites\/\">Actualit\u00e9s<\/a><\/li>\n<li class=\"sitemap-item page_item page-item-2865\"><a href=\"https:\/\/www.lyslegal.com\/fr\/vacants\/\">Aper\u00e7u des postes vacants<\/a><\/li>\n<li class=\"sitemap-item page_item page-item-1970\"><a href=\"https:\/\/www.lyslegal.com\/fr\/avis-legal\/\">Avis Legal<\/a><\/li>\n<li class=\"sitemap-item page_item page-item-2081\"><a href=\"https:\/\/www.lyslegal.com\/fr\/avocat-anglophone\/\">Avocat anglophone<\/a><\/li>\n<li class=\"sitemap-item page_item page-item-1554\"><a href=\"https:\/\/www.lyslegal.com\/fr\/conditions-utilisation-site\/\">Conditions d'utilisation<\/a><\/li>\n<li class=\"sitemap-item page_item page-item-2397\"><a href=\"https:\/\/www.lyslegal.com\/fr\/conseil-juridique-entreprise\/\">Conseil juridique entreprise<\/a><\/li>\n<li class=\"sitemap-item page_item page-item-1537\"><a href=\"https:\/\/www.lyslegal.com\/fr\/contact\/\">Contactez-nous<\/a><\/li>\n<li class=\"sitemap-item page_item page-item-2412\"><a href=\"https:\/\/www.lyslegal.com\/fr\/creation-dentreprise\/\">Cr\u00e9ation d'entreprise en France<\/a><\/li>\n<li class=\"sitemap-item page_item page-item-1540\"><a href=\"https:\/\/www.lyslegal.com\/fr\/droit-commercial\/\">Droit commercial<\/a><\/li>\n<li class=\"sitemap-item page_item page-item-1548\"><a href=\"https:\/\/www.lyslegal.com\/fr\/droit-de-linsolvabilite\/\">Droit de l'insolvabilit\u00e9<\/a><\/li>\n<li class=\"sitemap-item page_item page-item-2847\"><a href=\"https:\/\/www.lyslegal.com\/fr\/droit-des-transports\/\">Droit des transports<\/a><\/li>\n<li class=\"sitemap-item page_item page-item-1544\"><a href=\"https:\/\/www.lyslegal.com\/fr\/droit-du-travail\/\">Droit du travail<\/a><\/li>\n<li class=\"sitemap-item page_item page-item-1542\"><a href=\"https:\/\/www.lyslegal.com\/fr\/droit-des-societes\/\">Droit fran\u00e7ais des soci\u00e9t\u00e9s<\/a><\/li>\n<li class=\"sitemap-item page_item page-item-3241\"><a href=\"https:\/\/www.lyslegal.com\/fr\/droit-francais-des-societes\/\">Droit fran\u00e7ais des soci\u00e9t\u00e9s<\/a><\/li>\n<li class=\"sitemap-item page_item page-item-1557\"><a href=\"https:\/\/www.lyslegal.com\/fr\/fermeture-dune-entreprise-francaise\/\">Fermeture d\u2019une entreprise fran\u00e7aise<\/a><\/li>\n<li class=\"sitemap-item page_item page-item-2395\"><a href=\"https:\/\/www.lyslegal.com\/fr\/imprint\/\">Imprint<\/a><\/li>\n<li class=\"sitemap-item page_item page-item-1555\"><a href=\"https:\/\/www.lyslegal.com\/fr\/influenceurs-videastes-et-youtubers\/\">Influenceurs, vid\u00e9astes et Youtubers<\/a><\/li>\n<li class=\"sitemap-item page_item page-item-1531\"><a href=\"https:\/\/www.lyslegal.com\/fr\/le-cabinet\/\">Le cabinet<\/a><\/li>\n<li class=\"sitemap-item page_item page-item-1529\"><a href=\"https:\/\/www.lyslegal.com\/fr\/\">LYS Legal<\/a><\/li>\n<li class=\"sitemap-item page_item page-item-1964\"><a href=\"https:\/\/www.lyslegal.com\/fr\/mentions-legales\/\">Mentions legales<\/a><\/li>\n<li class=\"sitemap-item page_item page-item-1535\"><a href=\"https:\/\/www.lyslegal.com\/fr\/nos-services\/\">Nos services<\/a><\/li>\n<li class=\"sitemap-item page_item page-item-1553\"><a href=\"https:\/\/www.lyslegal.com\/fr\/sitemap\/\">Plan du site<\/a><\/li>\n<li class=\"sitemap-item page_item page-item-2869\"><a href=\"https:\/\/www.lyslegal.com\/fr\/poste-vacant\/\">poste vacant<\/a><\/li>\n<li class=\"sitemap-item page_item page-item-1552\"><a href=\"https:\/\/www.lyslegal.com\/fr\/protection-donnees\/\">Protection des donn\u00e9es<\/a><\/li>\n<li class=\"sitemap-item page_item page-item-2350\"><a href=\"https:\/\/www.lyslegal.com\/fr\/services-dassistance-juridique\/\">Services d'assistance juridique<\/a><\/li>\n<li class=\"sitemap-item page_item page-item-1568\"><a href=\"https:\/\/www.lyslegal.com\/fr\/traceurs-trafic\/\">Traceurs Traffic Web<\/a><\/li>\n<\/ul><\/div><\/div><br style=\"clear: both;\">\n","protected":false},"excerpt":{"rendered":"","protected":false},"author":3,"featured_media":0,"parent":0,"menu_order":0,"comment_status":"closed","ping_status":"closed","template":"","meta":{"footnotes":""},"class_list":["post-1553","page","type-page","status-publish","hentry"],"yoast_head":"<!-- This site is optimized with the Yoast SEO plugin v27.4 - https:\/\/yoast.com\/product\/yoast-seo-wordpress\/ -->\n<title>Sitemap France | LYS Legal<\/title>\n<meta name=\"robots\" content=\"index, follow, max-snippet:-1, max-image-preview:large, max-video-preview:-1\" \/>\n<link rel=\"canonical\" href=\"https:\/\/www.lyslegal.com\/fr\/sitemap\/\" \/>\n<meta property=\"og:locale\" content=\"fr_FR\" \/>\n<meta property=\"og:type\" content=\"article\" \/>\n<meta property=\"og:title\" content=\"Sitemap France | LYS Legal\" \/>\n<meta property=\"og:url\" content=\"https:\/\/www.lyslegal.com\/fr\/sitemap\/\" \/>\n<meta property=\"og:site_name\" content=\"LYS\" \/>\n<meta property=\"article:modified_time\" content=\"2025-07-17T10:08:28+00:00\" \/>\n<meta name=\"twitter:card\" content=\"summary_large_image\" \/>\n<meta name=\"twitter:label1\" content=\"Dur\u00e9e de lecture estim\u00e9e\" \/>\n\t<meta name=\"twitter:data1\" content=\"1 minute\" \/>\n<script type=\"application\/ld+json\" class=\"yoast-schema-graph\">{\"@context\":\"https:\\\/\\\/schema.org\",\"@graph\":[{\"@type\":\"WebPage\",\"@id\":\"https:\\\/\\\/www.lyslegal.com\\\/fr\\\/sitemap\\\/\",\"url\":\"https:\\\/\\\/www.lyslegal.com\\\/fr\\\/sitemap\\\/\",\"name\":\"Sitemap France | LYS Legal\",\"isPartOf\":{\"@id\":\"https:\\\/\\\/www.lyslegal.com\\\/fr\\\/#website\"},\"datePublished\":\"2024-05-06T20:03:05+00:00\",\"dateModified\":\"2025-07-17T10:08:28+00:00\",\"breadcrumb\":{\"@id\":\"https:\\\/\\\/www.lyslegal.com\\\/fr\\\/sitemap\\\/#breadcrumb\"},\"inLanguage\":\"fr-FR\",\"potentialAction\":[{\"@type\":\"ReadAction\",\"target\":[\"https:\\\/\\\/www.lyslegal.com\\\/fr\\\/sitemap\\\/\"]}]},{\"@type\":\"BreadcrumbList\",\"@id\":\"https:\\\/\\\/www.lyslegal.com\\\/fr\\\/sitemap\\\/#breadcrumb\",\"itemListElement\":[{\"@type\":\"ListItem\",\"position\":1,\"name\":\"Home\",\"item\":\"https:\\\/\\\/www.lyslegal.com\\\/fr\\\/\"},{\"@type\":\"ListItem\",\"position\":2,\"name\":\"Plan du site\"}]},{\"@type\":\"WebSite\",\"@id\":\"https:\\\/\\\/www.lyslegal.com\\\/fr\\\/#website\",\"url\":\"https:\\\/\\\/www.lyslegal.com\\\/fr\\\/\",\"name\":\"LYS\",\"description\":\"\",\"potentialAction\":[{\"@type\":\"SearchAction\",\"target\":{\"@type\":\"EntryPoint\",\"urlTemplate\":\"https:\\\/\\\/www.lyslegal.com\\\/fr\\\/?s={search_term_string}\"},\"query-input\":{\"@type\":\"PropertyValueSpecification\",\"valueRequired\":true,\"valueName\":\"search_term_string\"}}],\"inLanguage\":\"fr-FR\"}]}<\/script>\n<!-- \/ Yoast SEO plugin. -->","yoast_head_json":{"title":"Sitemap France | LYS Legal","robots":{"index":"index","follow":"follow","max-snippet":"max-snippet:-1","max-image-preview":"max-image-preview:large","max-video-preview":"max-video-preview:-1"},"canonical":"https:\/\/www.lyslegal.com\/fr\/sitemap\/","og_locale":"fr_FR","og_type":"article","og_title":"Sitemap France | LYS Legal","og_url":"https:\/\/www.lyslegal.com\/fr\/sitemap\/","og_site_name":"LYS","article_modified_time":"2025-07-17T10:08:28+00:00","twitter_card":"summary_large_image","twitter_misc":{"Dur\u00e9e de lecture estim\u00e9e":"1 minute"},"schema":{"@context":"https:\/\/schema.org","@graph":[{"@type":"WebPage","@id":"https:\/\/www.lyslegal.com\/fr\/sitemap\/","url":"https:\/\/www.lyslegal.com\/fr\/sitemap\/","name":"Sitemap France | LYS Legal","isPartOf":{"@id":"https:\/\/www.lyslegal.com\/fr\/#website"},"datePublished":"2024-05-06T20:03:05+00:00","dateModified":"2025-07-17T10:08:28+00:00","breadcrumb":{"@id":"https:\/\/www.lyslegal.com\/fr\/sitemap\/#breadcrumb"},"inLanguage":"fr-FR","potentialAction":[{"@type":"ReadAction","target":["https:\/\/www.lyslegal.com\/fr\/sitemap\/"]}]},{"@type":"BreadcrumbList","@id":"https:\/\/www.lyslegal.com\/fr\/sitemap\/#breadcrumb","itemListElement":[{"@type":"ListItem","position":1,"name":"Home","item":"https:\/\/www.lyslegal.com\/fr\/"},{"@type":"ListItem","position":2,"name":"Plan du site"}]},{"@type":"WebSite","@id":"https:\/\/www.lyslegal.com\/fr\/#website","url":"https:\/\/www.lyslegal.com\/fr\/","name":"LYS","description":"","potentialAction":[{"@type":"SearchAction","target":{"@type":"EntryPoint","urlTemplate":"https:\/\/www.lyslegal.com\/fr\/?s={search_term_string}"},"query-input":{"@type":"PropertyValueSpecification","valueRequired":true,"valueName":"search_term_string"}}],"inLanguage":"fr-FR"}]}},"_links":{"self":[{"href":"https:\/\/www.lyslegal.com\/fr\/wp-json\/wp\/v2\/pages\/1553","targetHints":{"allow":["GET"]}}],"collection":[{"href":"https:\/\/www.lyslegal.com\/fr\/wp-json\/wp\/v2\/pages"}],"about":[{"href":"https:\/\/www.lyslegal.com\/fr\/wp-json\/wp\/v2\/types\/page"}],"author":[{"embeddable":true,"href":"https:\/\/www.lyslegal.com\/fr\/wp-json\/wp\/v2\/users\/3"}],"replies":[{"embeddable":true,"href":"https:\/\/www.lyslegal.com\/fr\/wp-json\/wp\/v2\/comments?post=1553"}],"version-history":[{"count":2,"href":"https:\/\/www.lyslegal.com\/fr\/wp-json\/wp\/v2\/pages\/1553\/revisions"}],"predecessor-version":[{"id":2975,"href":"https:\/\/www.lyslegal.com\/fr\/wp-json\/wp\/v2\/pages\/1553\/revisions\/2975"}],"wp:attachment":[{"href":"https:\/\/www.lyslegal.com\/fr\/wp-json\/wp\/v2\/media?parent=1553"}],"curies":[{"name":"wp","href":"https:\/\/api.w.org\/{rel}","templated":true}]}}