{"id":2395,"date":"2024-07-16T15:05:04","date_gmt":"2024-07-16T15:05:04","guid":{"rendered":"https:\/\/www.lyslegal.com\/imprint\/"},"modified":"2025-08-28T12:40:33","modified_gmt":"2025-08-28T12:40:33","slug":"imprint","status":"publish","type":"page","link":"https:\/\/www.lyslegal.com\/fr\/imprint\/","title":{"rendered":"Imprint"},"content":{"rendered":"\n<!-- Legal document generated by Complianz | GDPR\/CCPA Cookie Consent https:\/\/wordpress.org\/plugins\/complianz-gdpr -->\n<div id=\"cmplz-document\" class=\"cmplz-document impressum cmplz-document-all\"><p><i>Cette imprint a \u00e9t\u00e9 mise \u00e0 jour pour la derni\u00e8re fois le 1 avril 2025.<\/i><\/p><p class=\"cmplz-subtitle\">Le propri\u00e9taire de ce site web est\u00a0:<\/p><p>LYS Legal SRL<br>2 Bd. Raspail, 75007, Paris, France<br>France<br>E-mail\u00a0:&nbsp;<span class=\"cmplz-obfuscate\">&#105;nfo@<span class=\"cmplz-fmail-domain\">&#101;&#120;.c&#111;&#109;<\/span>lys&#108;&#101;ga&#108;&#046;&#099;om<\/span><br>Num\u00e9ro de t\u00e9l\u00e9phone\u00a0: +33 172 605 300<br><\/p><p class=\"cmplz-subtitle\">Le(s) repr\u00e9sentant(s) l\u00e9gal(aux) de LYS Legal SRL\u00a0:<\/p><p>George Apostel<\/p><h2>1. G\u00e9n\u00e9ral<\/h2><p class=\"cmplz-subtitle\">1.1 Nous sommes enregistr\u00e9s chez Chamber of Commerce sous le num\u00e9ro de licence ou d\u2019enregistrement\u00a0:<\/p><p>123456789<\/p><p class=\"cmplz-subtitle\">1.2 Le nom de notre autorit\u00e9 de surveillance est\u00a0:<\/p><p>avocat burreau Paris<\/p><p class=\"cmplz-subtitle\">1.3 Nous pr\u00e9sentons des services ou des produits sur notre site web, qui n\u00e9cessitent une inscription aupr\u00e8s de l\u2019association professionnelle suivante\u00a0:<\/p><p>Yes<\/p><p>Vous pouvez acc\u00e9der \u00e0 ces r\u00e8gles et r\u00e8glements ici\u00a0:<br \/>https:\/\/www.avocatparis.org\/<\/p><p>Nous ne sommes ni dispos\u00e9s ni oblig\u00e9s de participer \u00e0 des proc\u00e9dures de r\u00e8glement des litiges devant une commission d\u2019arbitrage des consommateurs.<\/p><p class=\"cmplz-subtitle\">1.4 Unsere Berufshaftpflichtversicherung lautet:<\/p><p>France<\/p><\/div>\n","protected":false},"excerpt":{"rendered":"","protected":false},"author":3,"featured_media":0,"parent":0,"menu_order":0,"comment_status":"closed","ping_status":"closed","template":"","meta":{"footnotes":""},"class_list":["post-2395","page","type-page","status-publish","hentry"],"yoast_head":"<!-- This site is optimized with the Yoast SEO plugin v27.4 - https:\/\/yoast.com\/product\/yoast-seo-wordpress\/ -->\n<title>Imprint - LYS<\/title>\n<meta name=\"robots\" content=\"index, follow, max-snippet:-1, max-image-preview:large, max-video-preview:-1\" \/>\n<link rel=\"canonical\" href=\"https:\/\/www.lyslegal.com\/fr\/imprint\/\" \/>\n<meta property=\"og:locale\" content=\"fr_FR\" \/>\n<meta property=\"og:type\" content=\"article\" \/>\n<meta property=\"og:title\" content=\"Imprint - LYS\" \/>\n<meta property=\"og:url\" content=\"https:\/\/www.lyslegal.com\/fr\/imprint\/\" \/>\n<meta property=\"og:site_name\" content=\"LYS\" \/>\n<meta property=\"article:modified_time\" content=\"2025-08-28T12:40:33+00:00\" \/>\n<meta name=\"twitter:card\" content=\"summary_large_image\" \/>\n<meta name=\"twitter:label1\" content=\"Dur\u00e9e de lecture estim\u00e9e\" \/>\n\t<meta name=\"twitter:data1\" content=\"1 minute\" \/>\n<script type=\"application\/ld+json\" class=\"yoast-schema-graph\">{\"@context\":\"https:\\\/\\\/schema.org\",\"@graph\":[{\"@type\":\"WebPage\",\"@id\":\"https:\\\/\\\/www.lyslegal.com\\\/fr\\\/imprint\\\/\",\"url\":\"https:\\\/\\\/www.lyslegal.com\\\/fr\\\/imprint\\\/\",\"name\":\"Imprint - LYS\",\"isPartOf\":{\"@id\":\"https:\\\/\\\/www.lyslegal.com\\\/fr\\\/#website\"},\"datePublished\":\"2024-07-16T15:05:04+00:00\",\"dateModified\":\"2025-08-28T12:40:33+00:00\",\"breadcrumb\":{\"@id\":\"https:\\\/\\\/www.lyslegal.com\\\/fr\\\/imprint\\\/#breadcrumb\"},\"inLanguage\":\"fr-FR\",\"potentialAction\":[{\"@type\":\"ReadAction\",\"target\":[\"https:\\\/\\\/www.lyslegal.com\\\/fr\\\/imprint\\\/\"]}]},{\"@type\":\"BreadcrumbList\",\"@id\":\"https:\\\/\\\/www.lyslegal.com\\\/fr\\\/imprint\\\/#breadcrumb\",\"itemListElement\":[{\"@type\":\"ListItem\",\"position\":1,\"name\":\"Home\",\"item\":\"https:\\\/\\\/www.lyslegal.com\\\/fr\\\/\"},{\"@type\":\"ListItem\",\"position\":2,\"name\":\"Imprint\"}]},{\"@type\":\"WebSite\",\"@id\":\"https:\\\/\\\/www.lyslegal.com\\\/fr\\\/#website\",\"url\":\"https:\\\/\\\/www.lyslegal.com\\\/fr\\\/\",\"name\":\"LYS\",\"description\":\"\",\"potentialAction\":[{\"@type\":\"SearchAction\",\"target\":{\"@type\":\"EntryPoint\",\"urlTemplate\":\"https:\\\/\\\/www.lyslegal.com\\\/fr\\\/?s={search_term_string}\"},\"query-input\":{\"@type\":\"PropertyValueSpecification\",\"valueRequired\":true,\"valueName\":\"search_term_string\"}}],\"inLanguage\":\"fr-FR\"}]}<\/script>\n<!-- \/ Yoast SEO plugin. -->","yoast_head_json":{"title":"Imprint - LYS","robots":{"index":"index","follow":"follow","max-snippet":"max-snippet:-1","max-image-preview":"max-image-preview:large","max-video-preview":"max-video-preview:-1"},"canonical":"https:\/\/www.lyslegal.com\/fr\/imprint\/","og_locale":"fr_FR","og_type":"article","og_title":"Imprint - LYS","og_url":"https:\/\/www.lyslegal.com\/fr\/imprint\/","og_site_name":"LYS","article_modified_time":"2025-08-28T12:40:33+00:00","twitter_card":"summary_large_image","twitter_misc":{"Dur\u00e9e de lecture estim\u00e9e":"1 minute"},"schema":{"@context":"https:\/\/schema.org","@graph":[{"@type":"WebPage","@id":"https:\/\/www.lyslegal.com\/fr\/imprint\/","url":"https:\/\/www.lyslegal.com\/fr\/imprint\/","name":"Imprint - LYS","isPartOf":{"@id":"https:\/\/www.lyslegal.com\/fr\/#website"},"datePublished":"2024-07-16T15:05:04+00:00","dateModified":"2025-08-28T12:40:33+00:00","breadcrumb":{"@id":"https:\/\/www.lyslegal.com\/fr\/imprint\/#breadcrumb"},"inLanguage":"fr-FR","potentialAction":[{"@type":"ReadAction","target":["https:\/\/www.lyslegal.com\/fr\/imprint\/"]}]},{"@type":"BreadcrumbList","@id":"https:\/\/www.lyslegal.com\/fr\/imprint\/#breadcrumb","itemListElement":[{"@type":"ListItem","position":1,"name":"Home","item":"https:\/\/www.lyslegal.com\/fr\/"},{"@type":"ListItem","position":2,"name":"Imprint"}]},{"@type":"WebSite","@id":"https:\/\/www.lyslegal.com\/fr\/#website","url":"https:\/\/www.lyslegal.com\/fr\/","name":"LYS","description":"","potentialAction":[{"@type":"SearchAction","target":{"@type":"EntryPoint","urlTemplate":"https:\/\/www.lyslegal.com\/fr\/?s={search_term_string}"},"query-input":{"@type":"PropertyValueSpecification","valueRequired":true,"valueName":"search_term_string"}}],"inLanguage":"fr-FR"}]}},"_links":{"self":[{"href":"https:\/\/www.lyslegal.com\/fr\/wp-json\/wp\/v2\/pages\/2395","targetHints":{"allow":["GET"]}}],"collection":[{"href":"https:\/\/www.lyslegal.com\/fr\/wp-json\/wp\/v2\/pages"}],"about":[{"href":"https:\/\/www.lyslegal.com\/fr\/wp-json\/wp\/v2\/types\/page"}],"author":[{"embeddable":true,"href":"https:\/\/www.lyslegal.com\/fr\/wp-json\/wp\/v2\/users\/3"}],"replies":[{"embeddable":true,"href":"https:\/\/www.lyslegal.com\/fr\/wp-json\/wp\/v2\/comments?post=2395"}],"version-history":[{"count":1,"href":"https:\/\/www.lyslegal.com\/fr\/wp-json\/wp\/v2\/pages\/2395\/revisions"}],"predecessor-version":[{"id":2396,"href":"https:\/\/www.lyslegal.com\/fr\/wp-json\/wp\/v2\/pages\/2395\/revisions\/2396"}],"wp:attachment":[{"href":"https:\/\/www.lyslegal.com\/fr\/wp-json\/wp\/v2\/media?parent=2395"}],"curies":[{"name":"wp","href":"https:\/\/api.w.org\/{rel}","templated":true}]}}