{"id":2865,"date":"2024-10-08T14:29:05","date_gmt":"2024-10-08T14:29:05","guid":{"rendered":"https:\/\/www.lyslegal.com\/vacancies-overview\/"},"modified":"2025-05-06T09:16:59","modified_gmt":"2025-05-06T09:16:59","slug":"vacants","status":"publish","type":"page","link":"https:\/\/www.lyslegal.com\/fr\/vacants\/","title":{"rendered":"Aper\u00e7u des postes vacants"},"content":{"rendered":"\t\t<div data-elementor-type=\"wp-page\" data-elementor-id=\"2865\" class=\"elementor elementor-2865 elementor-2361\" data-elementor-post-type=\"page\">\n\t\t\t\t<div class=\"elementor-element elementor-element-84d00e9 e-flex e-con-boxed e-con e-parent\" data-id=\"84d00e9\" data-element_type=\"container\" data-e-type=\"container\">\n\t\t\t\t\t<div class=\"e-con-inner\">\n\t\t<div class=\"elementor-element elementor-element-00d31a1 e-con-full e-flex e-con e-child\" data-id=\"00d31a1\" data-element_type=\"container\" data-e-type=\"container\">\n\t\t\t\t<div class=\"elementor-element elementor-element-95431d7 elementor-widget elementor-widget-heading\" data-id=\"95431d7\" data-element_type=\"widget\" data-e-type=\"widget\" data-widget_type=\"heading.default\">\n\t\t\t\t<div class=\"elementor-widget-container\">\n\t\t\t\t\t<h2 class=\"elementor-heading-title elementor-size-default\">Conseiller juridique junior \u2013 francophone\n<\/h2>\t\t\t\t<\/div>\n\t\t\t\t<\/div>\n\t\t\t\t<div class=\"elementor-element elementor-element-bd03586 elementor-icon-list--layout-traditional elementor-list-item-link-full_width elementor-widget elementor-widget-icon-list\" data-id=\"bd03586\" data-element_type=\"widget\" data-e-type=\"widget\" data-widget_type=\"icon-list.default\">\n\t\t\t\t<div class=\"elementor-widget-container\">\n\t\t\t\t\t\t\t<ul class=\"elementor-icon-list-items\">\n\t\t\t\t\t\t\t<li class=\"elementor-icon-list-item\">\n\t\t\t\t\t\t\t\t\t\t\t<span class=\"elementor-icon-list-icon\">\n\t\t\t\t\t\t\t<svg aria-hidden=\"true\" class=\"e-font-icon-svg e-fas-map-marker-alt\" viewBox=\"0 0 384 512\" xmlns=\"http:\/\/www.w3.org\/2000\/svg\"><path d=\"M172.268 501.67C26.97 291.031 0 269.413 0 192 0 85.961 85.961 0 192 0s192 85.961 192 192c0 77.413-26.97 99.031-172.268 309.67-9.535 13.774-29.93 13.773-39.464 0zM192 272c44.183 0 80-35.817 80-80s-35.817-80-80-80-80 35.817-80 80 35.817 80 80 80z\"><\/path><\/svg>\t\t\t\t\t\t<\/span>\n\t\t\t\t\t\t\t\t\t\t<span class=\"elementor-icon-list-text\">Paris, France<\/span>\n\t\t\t\t\t\t\t\t\t<\/li>\n\t\t\t\t\t\t\t\t<li class=\"elementor-icon-list-item\">\n\t\t\t\t\t\t\t\t\t\t\t<span class=\"elementor-icon-list-icon\">\n\t\t\t\t\t\t\t<svg aria-hidden=\"true\" class=\"e-font-icon-svg e-fas-briefcase\" viewBox=\"0 0 512 512\" xmlns=\"http:\/\/www.w3.org\/2000\/svg\"><path d=\"M320 336c0 8.84-7.16 16-16 16h-96c-8.84 0-16-7.16-16-16v-48H0v144c0 25.6 22.4 48 48 48h416c25.6 0 48-22.4 48-48V288H320v48zm144-208h-80V80c0-25.6-22.4-48-48-48H176c-25.6 0-48 22.4-48 48v48H48c-25.6 0-48 22.4-48 48v80h512v-80c0-25.6-22.4-48-48-48zm-144 0H192V96h128v32z\"><\/path><\/svg>\t\t\t\t\t\t<\/span>\n\t\t\t\t\t\t\t\t\t\t<span class=\"elementor-icon-list-text\">\u00c0 temps plein<\/span>\n\t\t\t\t\t\t\t\t\t<\/li>\n\t\t\t\t\t\t\t\t<li class=\"elementor-icon-list-item\">\n\t\t\t\t\t\t\t\t\t\t\t<span class=\"elementor-icon-list-icon\">\n\t\t\t\t\t\t\t<svg aria-hidden=\"true\" class=\"e-font-icon-svg e-fas-school\" viewBox=\"0 0 640 512\" xmlns=\"http:\/\/www.w3.org\/2000\/svg\"><path d=\"M0 224v272c0 8.84 7.16 16 16 16h80V192H32c-17.67 0-32 14.33-32 32zm360-48h-24v-40c0-4.42-3.58-8-8-8h-16c-4.42 0-8 3.58-8 8v64c0 4.42 3.58 8 8 8h48c4.42 0 8-3.58 8-8v-16c0-4.42-3.58-8-8-8zm137.75-63.96l-160-106.67a32.02 32.02 0 0 0-35.5 0l-160 106.67A32.002 32.002 0 0 0 128 138.66V512h128V368c0-8.84 7.16-16 16-16h96c8.84 0 16 7.16 16 16v144h128V138.67c0-10.7-5.35-20.7-14.25-26.63zM320 256c-44.18 0-80-35.82-80-80s35.82-80 80-80 80 35.82 80 80-35.82 80-80 80zm288-64h-64v320h80c8.84 0 16-7.16 16-16V224c0-17.67-14.33-32-32-32z\"><\/path><\/svg>\t\t\t\t\t\t<\/span>\n\t\t\t\t\t\t\t\t\t\t<span class=\"elementor-icon-list-text\">Universit\u00e9<\/span>\n\t\t\t\t\t\t\t\t\t<\/li>\n\t\t\t\t\t\t<\/ul>\n\t\t\t\t\t\t<\/div>\n\t\t\t\t<\/div>\n\t\t\t\t<div class=\"elementor-element elementor-element-a231730 elementor-widget elementor-widget-text-editor\" data-id=\"a231730\" data-element_type=\"widget\" data-e-type=\"widget\" data-widget_type=\"text-editor.default\">\n\t\t\t\t<div class=\"elementor-widget-container\">\n\t\t\t\t\t\t\t\t\t<p>LYS Legal, un cabinet d&rsquo;avocats sp\u00e9cialis\u00e9 situ\u00e9 au c\u0153ur de Paris, recherche un juriste commercial junior pour rejoindre son \u00e9quipe. Dans le cadre de l&rsquo;expansion de ses services et de sa client\u00e8le en France et \u00e0 l&rsquo;international, <\/p>\t\t\t\t\t\t\t\t<\/div>\n\t\t\t\t<\/div>\n\t\t\t\t<div class=\"elementor-element elementor-element-a6a4559 elementor-widget elementor-widget-button\" data-id=\"a6a4559\" data-element_type=\"widget\" data-e-type=\"widget\" data-widget_type=\"button.default\">\n\t\t\t\t<div class=\"elementor-widget-container\">\n\t\t\t\t\t\t\t\t\t<div class=\"elementor-button-wrapper\">\n\t\t\t\t\t<a class=\"elementor-button elementor-button-link elementor-size-sm\" href=\"https:\/\/www.lyslegal.com\/fr\/poste-vacant\/\">\n\t\t\t\t\t\t<span class=\"elementor-button-content-wrapper\">\n\t\t\t\t\t\t\t\t\t<span class=\"elementor-button-text\">V\u00e9rifier les postes vacants<\/span>\n\t\t\t\t\t<\/span>\n\t\t\t\t\t<\/a>\n\t\t\t\t<\/div>\n\t\t\t\t\t\t\t\t<\/div>\n\t\t\t\t<\/div>\n\t\t\t\t<\/div>\n\t\t\t\t\t<\/div>\n\t\t\t\t<\/div>\n\t\t\t\t<\/div>\n\t\t","protected":false},"excerpt":{"rendered":"<p>Conseiller juridique junior \u2013 francophone Paris, France \u00c0 temps plein Universit\u00e9 LYS Legal, un cabinet d&rsquo;avocats sp\u00e9cialis\u00e9 situ\u00e9 au c\u0153ur de Paris, recherche un juriste commercial junior pour rejoindre son \u00e9quipe. Dans le cadre de l&rsquo;expansion de ses services et de sa client\u00e8le en France et \u00e0 l&rsquo;international, V\u00e9rifier les postes vacants<\/p>\n","protected":false},"author":3,"featured_media":0,"parent":0,"menu_order":0,"comment_status":"closed","ping_status":"closed","template":"","meta":{"footnotes":""},"class_list":["post-2865","page","type-page","status-publish","hentry"],"yoast_head":"<!-- This site is optimized with the Yoast SEO plugin v27.4 - https:\/\/yoast.com\/product\/yoast-seo-wordpress\/ -->\n<title>Aper\u00e7u des postes vacants - LYS<\/title>\n<meta name=\"robots\" content=\"index, follow, max-snippet:-1, max-image-preview:large, max-video-preview:-1\" \/>\n<link rel=\"canonical\" href=\"https:\/\/www.lyslegal.com\/fr\/vacants\/\" \/>\n<meta property=\"og:locale\" content=\"fr_FR\" \/>\n<meta property=\"og:type\" content=\"article\" \/>\n<meta property=\"og:title\" content=\"Aper\u00e7u des postes vacants - LYS\" \/>\n<meta property=\"og:description\" content=\"Conseiller juridique junior \u2013 francophone Paris, France \u00c0 temps plein Universit\u00e9 LYS Legal, un cabinet d&rsquo;avocats sp\u00e9cialis\u00e9 situ\u00e9 au c\u0153ur de Paris, recherche un juriste commercial junior pour rejoindre son \u00e9quipe. Dans le cadre de l&rsquo;expansion de ses services et de sa client\u00e8le en France et \u00e0 l&rsquo;international, V\u00e9rifier les postes vacants\" \/>\n<meta property=\"og:url\" content=\"https:\/\/www.lyslegal.com\/fr\/vacants\/\" \/>\n<meta property=\"og:site_name\" content=\"LYS\" \/>\n<meta property=\"article:modified_time\" content=\"2025-05-06T09:16:59+00:00\" \/>\n<meta name=\"twitter:card\" content=\"summary_large_image\" \/>\n<meta name=\"twitter:label1\" content=\"Dur\u00e9e de lecture estim\u00e9e\" \/>\n\t<meta name=\"twitter:data1\" content=\"1 minute\" \/>\n<script type=\"application\/ld+json\" class=\"yoast-schema-graph\">{\"@context\":\"https:\\\/\\\/schema.org\",\"@graph\":[{\"@type\":\"WebPage\",\"@id\":\"https:\\\/\\\/www.lyslegal.com\\\/fr\\\/vacants\\\/\",\"url\":\"https:\\\/\\\/www.lyslegal.com\\\/fr\\\/vacants\\\/\",\"name\":\"Aper\u00e7u des postes vacants - LYS\",\"isPartOf\":{\"@id\":\"https:\\\/\\\/www.lyslegal.com\\\/fr\\\/#website\"},\"datePublished\":\"2024-10-08T14:29:05+00:00\",\"dateModified\":\"2025-05-06T09:16:59+00:00\",\"breadcrumb\":{\"@id\":\"https:\\\/\\\/www.lyslegal.com\\\/fr\\\/vacants\\\/#breadcrumb\"},\"inLanguage\":\"fr-FR\",\"potentialAction\":[{\"@type\":\"ReadAction\",\"target\":[\"https:\\\/\\\/www.lyslegal.com\\\/fr\\\/vacants\\\/\"]}]},{\"@type\":\"BreadcrumbList\",\"@id\":\"https:\\\/\\\/www.lyslegal.com\\\/fr\\\/vacants\\\/#breadcrumb\",\"itemListElement\":[{\"@type\":\"ListItem\",\"position\":1,\"name\":\"Home\",\"item\":\"https:\\\/\\\/www.lyslegal.com\\\/fr\\\/\"},{\"@type\":\"ListItem\",\"position\":2,\"name\":\"Aper\u00e7u des postes vacants\"}]},{\"@type\":\"WebSite\",\"@id\":\"https:\\\/\\\/www.lyslegal.com\\\/fr\\\/#website\",\"url\":\"https:\\\/\\\/www.lyslegal.com\\\/fr\\\/\",\"name\":\"LYS\",\"description\":\"\",\"potentialAction\":[{\"@type\":\"SearchAction\",\"target\":{\"@type\":\"EntryPoint\",\"urlTemplate\":\"https:\\\/\\\/www.lyslegal.com\\\/fr\\\/?s={search_term_string}\"},\"query-input\":{\"@type\":\"PropertyValueSpecification\",\"valueRequired\":true,\"valueName\":\"search_term_string\"}}],\"inLanguage\":\"fr-FR\"}]}<\/script>\n<!-- \/ Yoast SEO plugin. -->","yoast_head_json":{"title":"Aper\u00e7u des postes vacants - LYS","robots":{"index":"index","follow":"follow","max-snippet":"max-snippet:-1","max-image-preview":"max-image-preview:large","max-video-preview":"max-video-preview:-1"},"canonical":"https:\/\/www.lyslegal.com\/fr\/vacants\/","og_locale":"fr_FR","og_type":"article","og_title":"Aper\u00e7u des postes vacants - LYS","og_description":"Conseiller juridique junior \u2013 francophone Paris, France \u00c0 temps plein Universit\u00e9 LYS Legal, un cabinet d&rsquo;avocats sp\u00e9cialis\u00e9 situ\u00e9 au c\u0153ur de Paris, recherche un juriste commercial junior pour rejoindre son \u00e9quipe. Dans le cadre de l&rsquo;expansion de ses services et de sa client\u00e8le en France et \u00e0 l&rsquo;international, V\u00e9rifier les postes vacants","og_url":"https:\/\/www.lyslegal.com\/fr\/vacants\/","og_site_name":"LYS","article_modified_time":"2025-05-06T09:16:59+00:00","twitter_card":"summary_large_image","twitter_misc":{"Dur\u00e9e de lecture estim\u00e9e":"1 minute"},"schema":{"@context":"https:\/\/schema.org","@graph":[{"@type":"WebPage","@id":"https:\/\/www.lyslegal.com\/fr\/vacants\/","url":"https:\/\/www.lyslegal.com\/fr\/vacants\/","name":"Aper\u00e7u des postes vacants - LYS","isPartOf":{"@id":"https:\/\/www.lyslegal.com\/fr\/#website"},"datePublished":"2024-10-08T14:29:05+00:00","dateModified":"2025-05-06T09:16:59+00:00","breadcrumb":{"@id":"https:\/\/www.lyslegal.com\/fr\/vacants\/#breadcrumb"},"inLanguage":"fr-FR","potentialAction":[{"@type":"ReadAction","target":["https:\/\/www.lyslegal.com\/fr\/vacants\/"]}]},{"@type":"BreadcrumbList","@id":"https:\/\/www.lyslegal.com\/fr\/vacants\/#breadcrumb","itemListElement":[{"@type":"ListItem","position":1,"name":"Home","item":"https:\/\/www.lyslegal.com\/fr\/"},{"@type":"ListItem","position":2,"name":"Aper\u00e7u des postes vacants"}]},{"@type":"WebSite","@id":"https:\/\/www.lyslegal.com\/fr\/#website","url":"https:\/\/www.lyslegal.com\/fr\/","name":"LYS","description":"","potentialAction":[{"@type":"SearchAction","target":{"@type":"EntryPoint","urlTemplate":"https:\/\/www.lyslegal.com\/fr\/?s={search_term_string}"},"query-input":{"@type":"PropertyValueSpecification","valueRequired":true,"valueName":"search_term_string"}}],"inLanguage":"fr-FR"}]}},"_links":{"self":[{"href":"https:\/\/www.lyslegal.com\/fr\/wp-json\/wp\/v2\/pages\/2865","targetHints":{"allow":["GET"]}}],"collection":[{"href":"https:\/\/www.lyslegal.com\/fr\/wp-json\/wp\/v2\/pages"}],"about":[{"href":"https:\/\/www.lyslegal.com\/fr\/wp-json\/wp\/v2\/types\/page"}],"author":[{"embeddable":true,"href":"https:\/\/www.lyslegal.com\/fr\/wp-json\/wp\/v2\/users\/3"}],"replies":[{"embeddable":true,"href":"https:\/\/www.lyslegal.com\/fr\/wp-json\/wp\/v2\/comments?post=2865"}],"version-history":[{"count":6,"href":"https:\/\/www.lyslegal.com\/fr\/wp-json\/wp\/v2\/pages\/2865\/revisions"}],"predecessor-version":[{"id":2875,"href":"https:\/\/www.lyslegal.com\/fr\/wp-json\/wp\/v2\/pages\/2865\/revisions\/2875"}],"wp:attachment":[{"href":"https:\/\/www.lyslegal.com\/fr\/wp-json\/wp\/v2\/media?parent=2865"}],"curies":[{"name":"wp","href":"https:\/\/api.w.org\/{rel}","templated":true}]}}